{"id":2017,"date":"2025-03-14T10:19:54","date_gmt":"2025-03-14T09:19:54","guid":{"rendered":"http:\/\/81.169.214.207\/impressum\/"},"modified":"2025-05-21T09:46:25","modified_gmt":"2025-05-21T07:46:25","slug":"impressum","status":"publish","type":"page","link":"https:\/\/check-dein-netz.de\/en\/impressum\/","title":{"rendered":"Impressum"},"content":{"rendered":"\t\t<div data-elementor-type=\"wp-page\" data-elementor-id=\"2017\" class=\"elementor elementor-2017\" data-elementor-post-type=\"page\">\n\t\t\t\t<div class=\"elementor-element elementor-element-89a9b2c e-flex e-con-boxed e-con e-parent\" data-id=\"89a9b2c\" data-element_type=\"container\">\n\t\t\t\t\t<div class=\"e-con-inner\">\n\t\t\t\t<div class=\"elementor-element elementor-element-49a3c13 elementor-widget elementor-widget-text-editor\" data-id=\"49a3c13\" data-element_type=\"widget\" data-widget_type=\"text-editor.default\">\n\t\t\t\t<div class=\"elementor-widget-container\">\n\t\t\t\t\t\t\t\t\t<h3>Herausgeber<\/h3><p>Bundesministerium f\u00fcr Digitales und Verkehr<br \/>Invalidenstra\u00dfe 44<br \/>D-10115 Berlin<\/p><p>Telefon: <a class=\"jss95 jss99\" href=\"tel:+4930183000\" target=\"_blank\" rel=\"nofollow noopener noreferrer\" data-track-content=\"true\" data-tracking-id=\"tel:+4930183000\" data-testid=\"buttonlink\">+49 30 18 300-0<\/a><\/p><p>Fax: <a class=\"jss95 jss99\" href=\"fax:+4930183001920\" target=\"_blank\" rel=\"nofollow noopener noreferrer\" data-track-content=\"true\" data-tracking-id=\"fax:+4930183001920\" data-testid=\"buttonlink\">+49 30 18 300 1920<\/a><\/p><p>Verantwortlich<br \/>Dennis Sch\u00f6n, Leiter des Referates DK 14 \u2013 Digitale Konnektivit\u00e4t; Mobilfunkf\u00f6rderung<\/p><h3>Haftungsausschluss<\/h3><p><strong>Haftung f\u00fcr Inhalte<\/strong><\/p><p>Die Inhalte unserer Seiten wurden mit gr\u00f6\u00dfter Sorgfalt erstellt. F\u00fcr die Richtigkeit, Vollst\u00e4ndigkeit und Aktualit\u00e4t der Inhalte k\u00f6nnen wir jedoch keine Gew\u00e4hr \u00fcbernehmen. Als Diensteanbieter sind wir gem\u00e4\u00df \u00a7 7 Abs.1 TMG f\u00fcr eigene Inhalte auf diesen Seiten nach den allgemeinen Gesetzen verantwortlich. Nach \u00a7\u00a7 8 bis 10 TMG sind wir als Diensteanbieter jedoch nicht verpflichtet, \u00fcbermittelte oder gespeicherte fremde Informationen zu \u00fcberwachen oder nach Umst\u00e4nden zu forschen, die auf eine rechtswidrige T\u00e4tigkeit hinweisen. Verpflichtungen zur Entfernung oder Sperrung der Nutzung von Informationen nach den allgemeinen Gesetzen bleiben hiervon unber\u00fchrt. Eine diesbez\u00fcgliche Haftung ist jedoch erst ab dem Zeitpunkt der Kenntnis einer konkreten Rechtsverletzung m\u00f6glich. Bei Bekanntwerden von entsprechenden Rechtsverletzungen werden wir diese Inhalte umgehend entfernen.<\/p><p><strong>Haftung f\u00fcr Links<\/strong><\/p><p>Unser Angebot enth\u00e4lt Links zu externen Webseiten Dritter, auf deren Inhalte wir keinen Einfluss haben. Deshalb k\u00f6nnen wir f\u00fcr diese fremden Inhalte auch keine Gew\u00e4hr \u00fcbernehmen. F\u00fcr die Inhalte der verlinkten Seiten ist stets der jeweilige Anbieter oder Betreiber der Seiten verantwortlich. Die verlinkten Seiten wurden zum Zeitpunkt der Verlinkung auf m\u00f6gliche Rechtsverst\u00f6\u00dfe \u00fcberpr\u00fcft. Rechtswidrige Inhalte waren zum Zeitpunkt der Verlinkung nicht erkennbar. Eine permanente inhaltliche Kontrolle der verlinkten Seiten ist jedoch ohne konkrete Anhaltspunkte einer Rechtsverletzung nicht zumutbar. Bei Bekanntwerden von Rechtsverletzungen werden wir derartige Links umgehend entfernen.<\/p><p><strong>Urheberrecht<\/strong><\/p><p>Die durch die Seitenbetreiber erstellten Inhalte und Werke auf diesen Seiten unterliegen dem deutschen Urheberrecht. Die Vervielf\u00e4ltigung, Bearbeitung, Verbreitung und jede Art der Verwertung au\u00dferhalb der Grenzen des Urheberrechtes bed\u00fcrfen der schriftlichen Zustimmung des jeweiligen Autors bzw. Erstellers. Downloads und Kopien dieser Seite sind nur f\u00fcr den privaten, nicht kommerziellen Gebrauch gestattet. Soweit die Inhalte auf dieser Seite nicht vom Betreiber erstellt wurden, werden die Urheberrechte Dritter beachtet. Insbesondere werden Inhalte Dritter als solche gekennzeichnet. Sollten Sie trotzdem auf eine Urheberrechtsverletzung aufmerksam werden, bitten wir um einen entsprechenden Hinweis. Bei Bekanntwerden von Rechtsverletzungen werden wir derartige Inhalte umgehend entfernen.<\/p>\t\t\t\t\t\t\t\t<\/div>\n\t\t\t\t<\/div>\n\t\t\t\t\t<\/div>\n\t\t\t\t<\/div>\n\t\t<div class=\"elementor-element elementor-element-abdd5e6 elementor-hidden-desktop elementor-hidden-tablet elementor-hidden-mobile e-flex e-con-boxed e-con e-parent\" data-id=\"abdd5e6\" data-element_type=\"container\">\n\t\t\t\t\t<div class=\"e-con-inner\">\n\t\t\t\t<div class=\"elementor-element elementor-element-812386c elementor-widget elementor-widget-text-editor\" data-id=\"812386c\" data-element_type=\"widget\" data-widget_type=\"text-editor.default\">\n\t\t\t\t<div class=\"elementor-widget-container\">\n\t\t\t\t\t\t\t\t\t<h3>Publisher<\/h3><p>German Federal Ministry of Transport and Digital Infrastructure<br \/>Invalidenstra\u00dfe 44<br \/>D-10115 Berlin, Germany<\/p><p>Phone: <a class=\"jss95 jss99\" href=\"tel:+4930183000\" target=\"_blank\" rel=\"nofollow noopener noreferrer\" data-track-content=\"true\" data-tracking-id=\"tel:+4930183000\" data-testid=\"buttonlink\">+49 30 18 300-0<\/a><\/p><p>Fax: <a class=\"jss95 jss99\" href=\"fax:+4930183001920\" target=\"_blank\" rel=\"nofollow noopener noreferrer\" data-track-content=\"true\" data-tracking-id=\"fax:+4930183001920\" data-testid=\"buttonlink\">+49 30 18 300 1920<\/a><\/p><p>Person responsible<br \/>Dennis Sch\u00f6n, Head of Department DK 14 \u2013 Digital Connectivity; Mobile Network Funding<\/p><h3>Disclaimer<\/h3><p><strong>Liability for content<\/strong><\/p><p>The content of our website has been compiled with the greatest of care. However, we cannot be held liable for the correctness, completeness and timeliness of the same. Pursuant to Section 7 (1) of the German Telemedia Act (TMG), as a service provider we are responsible under general law for our own content on this website. However, in accordance with Sections 8 to 10 of the German Telemedia Act (TMG), as service provider we are not obliged to inspect transmitted or saved external information or to investigate circumstances suggesting illegal activities. Any obligation to remove or block the use of information in accordance with generally applicable legal regulations remains unaffected. Any liability in this respect can, however, only be incurred from the moment that we become aware of the specific legal violation. We will remove the concerned content as soon as we become aware of any legal violation.<\/p><p><strong>Liability for links<\/strong><\/p><p>Our offer contains links to external websites of third parties, the content of which is beyond our control. As such, we cannot be held liable for the content of these external websites. The respective provider or operator of the linked site is responsible for its content. The linked websites are checked for any possible legal violations at the time of linking. No unlawful content was detected at the time of linking. Continuous inspection of the content of the linked websites is deemed unreasonable if there is no concrete evidence of a legal violation. We shall remove such links immediately upon detection of any legal violations.<\/p><p><strong>Copyright<\/strong><\/p><p>The content and works on these pages created by the site operator are subject to Germany copyright law. The duplication, editing, dissemination, and any kind of utilisation outside of the limits prescribed by the copyright law requires the prior written consent of the author or creator. Downloads and copies of these pages are only permitted for private, non-commercial use. If the contents of this site were not created by the operator, the copyright of the respective third parties shall be observed. In particular, any content created by third parties shall be identified as such. If you nevertheless detect a copyright violation, we kindly ask you to notify us accordingly. We shall remove the concerned content as soon as we become aware of any copyright violation.<\/p>\t\t\t\t\t\t\t\t<\/div>\n\t\t\t\t<\/div>\n\t\t\t\t\t<\/div>\n\t\t\t\t<\/div>\n\t\t\t\t<\/div>\n\t\t","protected":false},"excerpt":{"rendered":"<p>Herausgeber Bundesministerium f\u00fcr Digitales und VerkehrInvalidenstra\u00dfe 44D-10115 Berlin Telefon: +49 30 18 300-0 Fax: +49 30 18 300 1920 VerantwortlichDennis Sch\u00f6n, Leiter des Referates DK 14 \u2013 Digitale Konnektivit\u00e4t; Mobilfunkf\u00f6rderung Haftungsausschluss Haftung f\u00fcr Inhalte Die Inhalte unserer Seiten wurden mit gr\u00f6\u00dfter Sorgfalt erstellt. F\u00fcr die Richtigkeit, Vollst\u00e4ndigkeit und Aktualit\u00e4t der Inhalte k\u00f6nnen wir jedoch keine [&hellip;]<\/p>\n","protected":false},"author":1,"featured_media":0,"parent":0,"menu_order":0,"comment_status":"closed","ping_status":"closed","template":"elementor_header_footer","meta":{"iawp_total_views":37,"footnotes":""},"class_list":["post-2017","page","type-page","status-publish","hentry"],"yoast_head":"<!-- This site is optimized with the Yoast SEO plugin v26.7 - https:\/\/yoast.com\/wordpress\/plugins\/seo\/ -->\n<title>Impressum - Check Dein Netz<\/title>\n<meta name=\"robots\" content=\"index, follow, max-snippet:-1, max-image-preview:large, max-video-preview:-1\" \/>\n<link rel=\"canonical\" href=\"https:\/\/check-dein-netz.de\/en\/impressum\/\" \/>\n<meta property=\"og:locale\" content=\"en_US\" \/>\n<meta property=\"og:type\" content=\"article\" \/>\n<meta property=\"og:title\" content=\"Impressum - Check Dein Netz\" \/>\n<meta property=\"og:description\" content=\"Herausgeber Bundesministerium f\u00fcr Digitales und VerkehrInvalidenstra\u00dfe 44D-10115 Berlin Telefon: +49 30 18 300-0 Fax: +49 30 18 300 1920 VerantwortlichDennis Sch\u00f6n, Leiter des Referates DK 14 \u2013 Digitale Konnektivit\u00e4t; Mobilfunkf\u00f6rderung Haftungsausschluss Haftung f\u00fcr Inhalte Die Inhalte unserer Seiten wurden mit gr\u00f6\u00dfter Sorgfalt erstellt. F\u00fcr die Richtigkeit, Vollst\u00e4ndigkeit und Aktualit\u00e4t der Inhalte k\u00f6nnen wir jedoch keine [&hellip;]\" \/>\n<meta property=\"og:url\" content=\"https:\/\/check-dein-netz.de\/en\/impressum\/\" \/>\n<meta property=\"og:site_name\" content=\"Check Dein Netz\" \/>\n<meta property=\"article:modified_time\" content=\"2025-05-21T07:46:25+00:00\" \/>\n<meta property=\"og:image\" content=\"https:\/\/check-dein-netz.de\/wp-content\/uploads\/2025\/05\/cdn-social-sharing.jpg\" \/>\n\t<meta property=\"og:image:width\" content=\"1200\" \/>\n\t<meta property=\"og:image:height\" content=\"630\" \/>\n\t<meta property=\"og:image:type\" content=\"image\/jpeg\" \/>\n<meta name=\"twitter:card\" content=\"summary_large_image\" \/>\n<meta name=\"twitter:label1\" content=\"Est. reading time\" \/>\n\t<meta name=\"twitter:data1\" content=\"5 minutes\" \/>\n<script type=\"application\/ld+json\" class=\"yoast-schema-graph\">{\"@context\":\"https:\/\/schema.org\",\"@graph\":[{\"@type\":\"WebPage\",\"@id\":\"https:\/\/check-dein-netz.de\/en\/impressum\/\",\"url\":\"https:\/\/check-dein-netz.de\/en\/impressum\/\",\"name\":\"Impressum - Check Dein Netz\",\"isPartOf\":{\"@id\":\"https:\/\/check-dein-netz.de\/#website\"},\"datePublished\":\"2025-03-14T09:19:54+00:00\",\"dateModified\":\"2025-05-21T07:46:25+00:00\",\"breadcrumb\":{\"@id\":\"https:\/\/check-dein-netz.de\/en\/impressum\/#breadcrumb\"},\"inLanguage\":\"en-US\",\"potentialAction\":[{\"@type\":\"ReadAction\",\"target\":[\"https:\/\/check-dein-netz.de\/en\/impressum\/\"]}]},{\"@type\":\"BreadcrumbList\",\"@id\":\"https:\/\/check-dein-netz.de\/en\/impressum\/#breadcrumb\",\"itemListElement\":[{\"@type\":\"ListItem\",\"position\":1,\"name\":\"Startseite\",\"item\":\"https:\/\/check-dein-netz.de\/en\/\"},{\"@type\":\"ListItem\",\"position\":2,\"name\":\"Impressum\"}]},{\"@type\":\"WebSite\",\"@id\":\"https:\/\/check-dein-netz.de\/#website\",\"url\":\"https:\/\/check-dein-netz.de\/\",\"name\":\"Check Dein Netz\",\"description\":\"Die bundesweite Mobilfunk Messwoche\",\"publisher\":{\"@id\":\"https:\/\/check-dein-netz.de\/#organization\"},\"potentialAction\":[{\"@type\":\"SearchAction\",\"target\":{\"@type\":\"EntryPoint\",\"urlTemplate\":\"https:\/\/check-dein-netz.de\/?s={search_term_string}\"},\"query-input\":{\"@type\":\"PropertyValueSpecification\",\"valueRequired\":true,\"valueName\":\"search_term_string\"}}],\"inLanguage\":\"en-US\"},{\"@type\":\"Organization\",\"@id\":\"https:\/\/check-dein-netz.de\/#organization\",\"name\":\"Bundesministerium f\u00fcr Digitales und Verkehr\",\"url\":\"https:\/\/check-dein-netz.de\/\",\"logo\":{\"@type\":\"ImageObject\",\"inLanguage\":\"en-US\",\"@id\":\"https:\/\/check-dein-netz.de\/#\/schema\/logo\/image\/\",\"url\":\"https:\/\/check-dein-netz.de\/wp-content\/uploads\/2025\/03\/logo-dcsn.svg\",\"contentUrl\":\"https:\/\/check-dein-netz.de\/wp-content\/uploads\/2025\/03\/logo-dcsn.svg\",\"width\":100,\"height\":100,\"caption\":\"Bundesministerium f\u00fcr Digitales und Verkehr\"},\"image\":{\"@id\":\"https:\/\/check-dein-netz.de\/#\/schema\/logo\/image\/\"}}]}<\/script>\n<!-- \/ Yoast SEO plugin. -->","yoast_head_json":{"title":"Impressum - Check Dein Netz","robots":{"index":"index","follow":"follow","max-snippet":"max-snippet:-1","max-image-preview":"max-image-preview:large","max-video-preview":"max-video-preview:-1"},"canonical":"https:\/\/check-dein-netz.de\/en\/impressum\/","og_locale":"en_US","og_type":"article","og_title":"Impressum - Check Dein Netz","og_description":"Herausgeber Bundesministerium f\u00fcr Digitales und VerkehrInvalidenstra\u00dfe 44D-10115 Berlin Telefon: +49 30 18 300-0 Fax: +49 30 18 300 1920 VerantwortlichDennis Sch\u00f6n, Leiter des Referates DK 14 \u2013 Digitale Konnektivit\u00e4t; Mobilfunkf\u00f6rderung Haftungsausschluss Haftung f\u00fcr Inhalte Die Inhalte unserer Seiten wurden mit gr\u00f6\u00dfter Sorgfalt erstellt. F\u00fcr die Richtigkeit, Vollst\u00e4ndigkeit und Aktualit\u00e4t der Inhalte k\u00f6nnen wir jedoch keine [&hellip;]","og_url":"https:\/\/check-dein-netz.de\/en\/impressum\/","og_site_name":"Check Dein Netz","article_modified_time":"2025-05-21T07:46:25+00:00","og_image":[{"width":1200,"height":630,"url":"https:\/\/check-dein-netz.de\/wp-content\/uploads\/2025\/05\/cdn-social-sharing.jpg","type":"image\/jpeg"}],"twitter_card":"summary_large_image","twitter_misc":{"Est. reading time":"5 minutes"},"schema":{"@context":"https:\/\/schema.org","@graph":[{"@type":"WebPage","@id":"https:\/\/check-dein-netz.de\/en\/impressum\/","url":"https:\/\/check-dein-netz.de\/en\/impressum\/","name":"Impressum - Check Dein Netz","isPartOf":{"@id":"https:\/\/check-dein-netz.de\/#website"},"datePublished":"2025-03-14T09:19:54+00:00","dateModified":"2025-05-21T07:46:25+00:00","breadcrumb":{"@id":"https:\/\/check-dein-netz.de\/en\/impressum\/#breadcrumb"},"inLanguage":"en-US","potentialAction":[{"@type":"ReadAction","target":["https:\/\/check-dein-netz.de\/en\/impressum\/"]}]},{"@type":"BreadcrumbList","@id":"https:\/\/check-dein-netz.de\/en\/impressum\/#breadcrumb","itemListElement":[{"@type":"ListItem","position":1,"name":"Startseite","item":"https:\/\/check-dein-netz.de\/en\/"},{"@type":"ListItem","position":2,"name":"Impressum"}]},{"@type":"WebSite","@id":"https:\/\/check-dein-netz.de\/#website","url":"https:\/\/check-dein-netz.de\/","name":"Check Dein Netz","description":"Die bundesweite Mobilfunk Messwoche","publisher":{"@id":"https:\/\/check-dein-netz.de\/#organization"},"potentialAction":[{"@type":"SearchAction","target":{"@type":"EntryPoint","urlTemplate":"https:\/\/check-dein-netz.de\/?s={search_term_string}"},"query-input":{"@type":"PropertyValueSpecification","valueRequired":true,"valueName":"search_term_string"}}],"inLanguage":"en-US"},{"@type":"Organization","@id":"https:\/\/check-dein-netz.de\/#organization","name":"Bundesministerium f\u00fcr Digitales und Verkehr","url":"https:\/\/check-dein-netz.de\/","logo":{"@type":"ImageObject","inLanguage":"en-US","@id":"https:\/\/check-dein-netz.de\/#\/schema\/logo\/image\/","url":"https:\/\/check-dein-netz.de\/wp-content\/uploads\/2025\/03\/logo-dcsn.svg","contentUrl":"https:\/\/check-dein-netz.de\/wp-content\/uploads\/2025\/03\/logo-dcsn.svg","width":100,"height":100,"caption":"Bundesministerium f\u00fcr Digitales und Verkehr"},"image":{"@id":"https:\/\/check-dein-netz.de\/#\/schema\/logo\/image\/"}}]}},"_links":{"self":[{"href":"https:\/\/check-dein-netz.de\/en\/wp-json\/wp\/v2\/pages\/2017","targetHints":{"allow":["GET"]}}],"collection":[{"href":"https:\/\/check-dein-netz.de\/en\/wp-json\/wp\/v2\/pages"}],"about":[{"href":"https:\/\/check-dein-netz.de\/en\/wp-json\/wp\/v2\/types\/page"}],"author":[{"embeddable":true,"href":"https:\/\/check-dein-netz.de\/en\/wp-json\/wp\/v2\/users\/1"}],"replies":[{"embeddable":true,"href":"https:\/\/check-dein-netz.de\/en\/wp-json\/wp\/v2\/comments?post=2017"}],"version-history":[{"count":6,"href":"https:\/\/check-dein-netz.de\/en\/wp-json\/wp\/v2\/pages\/2017\/revisions"}],"predecessor-version":[{"id":2083,"href":"https:\/\/check-dein-netz.de\/en\/wp-json\/wp\/v2\/pages\/2017\/revisions\/2083"}],"wp:attachment":[{"href":"https:\/\/check-dein-netz.de\/en\/wp-json\/wp\/v2\/media?parent=2017"}],"curies":[{"name":"wp","href":"https:\/\/api.w.org\/{rel}","templated":true}]}}